{"id":9415,"date":"2023-05-06T08:14:11","date_gmt":"2023-05-06T06:14:11","guid":{"rendered":"https:\/\/corsicandream.com\/?page_id=9415"},"modified":"2023-05-11T12:48:25","modified_gmt":"2023-05-11T10:48:25","slug":"mentions-legales","status":"publish","type":"page","link":"https:\/\/corsicandream.com\/en\/mentions-legales\/","title":{"rendered":"Mentions l\u00e9gales"},"content":{"rendered":"<p>Le site Corsican Dream (ci-apr\u00e8s \u00ab\u00a0<strong>le Site<\/strong>\u00a0\u00bb), accessible \u00e0 l\u2019adresse www.corsicandream.com est \u00e9dit\u00e9 par la soci\u00e9t\u00e9 SDC (ci-apr\u00e8s \u00ab\u00a0<strong>l&rsquo;\u00c9diteur<\/strong>\u00a0\u00bb), SASU au capital de 500.0 euros, dont le si\u00e8ge social est situ\u00e9 4 Route de ville, 20200 Bastia, France. Il est immatricul\u00e9 au RCS de 20200 sous le num\u00e9ro 950731265. \u00a0<\/p>\n\n\n\n<p>L&rsquo;\u00c9diteur peut \u00eatre contact\u00e9 \u00e0 l\u2019adresse mail info@corsicandream.com ou au num\u00e9ro 07 50 71 47 75.<\/p>\n\n\n\n<p><strong>H\u00c9BERGEUR DU SITE INTERNET<\/strong><\/p>\n\n\n\n<p>Le site Corsican Dream est h\u00e9berg\u00e9 par OVH, 2 Rue Kellermann, 59100 Roubaix, France.<\/p>\n\n\n\n<p>L\u2019h\u00e9bergeur est joignable par mail \u00e0 l\u2019adresse suivante&nbsp;:&nbsp;conseiller.commercial@ovh.net.<\/p>\n\n\n\n<p>Il est \u00e9galement joignable au num\u00e9ro suivant&nbsp;: 09 72 10 10 07.<\/p>\n\n\n\n<p><strong>COLLECTE DE DONN\u00c9ES PERSONNELLES<\/strong><\/p>\n\n\n\n<p>Conform\u00e9ment aux dispositions de la loi n\u00b0 78-17 du 6 janvier 1978 modifi\u00e9e, relative \u00e0 l&rsquo;informatique, aux fichiers et aux libert\u00e9s, l\u2019utilisateur est inform\u00e9 que l&rsquo;\u00c9diteur proc\u00e8de \u00e0 la collecte et au traitement de donn\u00e9es personnelles, lors de la connexion au Site.<\/p>\n\n\n\n<p>Les donn\u00e9es collect\u00e9es servent principalement \u00e0 permettre la mise \u00e0 disposition de la Plateforme, son optimisation et sa s\u00e9curisation afin d\u2019offrir aux utilisateurs un service de la meilleure qualit\u00e9 possible. Des donn\u00e9es suppl\u00e9mentaires pourront \u00e9ventuellement \u00eatre collect\u00e9es par l&rsquo;\u00c9diteur pour permettre la bonne ex\u00e9cution de contrats commerciaux conclus par l\u2019entremise de la Plateforme avec l\u2019utilisateur.<\/p>\n\n\n\n<p>L\u2019utilisateur est inform\u00e9 qu\u2019il dispose d&rsquo;un droit d&rsquo;acc\u00e8s, d&rsquo;interrogation, de modification et de suppression des informations qui le concernent, \u00e0 exercer \u00e0 tout moment aupr\u00e8s de l&rsquo;\u00c9diteur soit directement sur le Site, soit par courrier postal adress\u00e9 au 4 Route de ville, 20200 Bastia, France soit par e-mail \u00e0 l\u2019adresse info@corsicandream.com.<\/p>\n\n\n\n<p>Les informations recueillies pourront \u00e9ventuellement \u00eatre partag\u00e9es \u00e0 des tiers r\u00e9sidant dans l\u2019Union Europ\u00e9enne dans les cas suivants&nbsp;:<\/p>\n\n\n\n<ul class=\"wp-block-list\">\n<li>Lorsque l\u2019utilisateur publie, dans une zone de commentaire, des informations accessibles au public&nbsp;;<\/li>\n\n\n\n<li>Lorsque l\u2019utilisateur y consent express\u00e9ment&nbsp;;<\/li>\n\n\n\n<li>Lorsque la loi l\u2019exige ou afin de coop\u00e9rer \u00e0 une enqu\u00eate judiciaire \u00e0 la demande expr\u00e8s d\u2019un d\u00e9tenteur de l\u2019autorit\u00e9 publique&nbsp;;<\/li>\n\n\n\n<li>Pour l\u2019ex\u00e9cution de prestations commerciales pour lesquelles est rendue n\u00e9cessaire la coop\u00e9ration d\u2019un tiers, notamment dans le cas o\u00f9 l\u2019\u00c9diteur choisirait de sous-traiter certaines de ses prestations par l\u2019entremise de Services Tiers.<\/li>\n<\/ul>\n\n\n\n<p>Lorsque certaines informations sont obligatoires pour acc\u00e9der \u00e0 des fonctionnalit\u00e9s sp\u00e9cifiques du Site, l&rsquo;\u00c9diteur indiquera ce caract\u00e8re obligatoire au moment de la saisie des donn\u00e9es.<\/p>\n\n\n\n<p>Les donn\u00e9es personnelles collect\u00e9es ne seront conserv\u00e9es que le temps n\u00e9cessaire pour permettre la bonne utilisation du Site, emp\u00eacher les fraudes et abus, et satisfaire aux obligations l\u00e9gales et r\u00e9glementaires de l&rsquo;\u00c9diteur concernant la gestion du Site.<\/p>\n\n\n\n<p><strong>COOKIES<\/strong><\/p>\n\n\n\n<p>Le Site peut avoir recours \u00e0 la technique des \u00ab\u00a0cookies\u00a0\u00bb telle que d\u00e9finie par la CNIL de la mani\u00e8re suivante&nbsp;:<\/p>\n\n\n\n<p>\u00a0\u00bb <em>Un cookie est un petit fichier stock\u00e9 par un serveur dans le terminal (ordinateur, t\u00e9l\u00e9phone, etc.) d\u2019un utilisateur et associ\u00e9 \u00e0 un domaine web (c\u2019est-\u00e0-dire dans la majorit\u00e9 des cas \u00e0 l\u2019ensemble des pages d\u2019un m\u00eame site web). Ce fichier est automatiquement renvoy\u00e9 lors de contacts ult\u00e9rieurs avec le m\u00eame domaine.<\/em><\/p>\n\n\n\n<p><em>Les cookies ont de multiples usages : ils peuvent servir \u00e0 m\u00e9moriser votre identifiant client aupr\u00e8s d&rsquo;un site marchand, le contenu courant de votre panier d&rsquo;achat, la langue d\u2019affichage de la page web, un identifiant permettant de tracer votre navigation \u00e0 des fins statistiques ou publicitaires, etc. <\/em>\u00ab\u00a0.<\/p>\n\n\n\n<p>Information issue du site officiel de la CNIL (https:\/\/www.cnil.fr\/fr\/glossaire)<\/p>\n\n\n\n<p>Ces cookies ont pour objectif de faciliter la navigation de l\u2019utilisateur et d\u2019am\u00e9liorer la qualit\u00e9 du service propos\u00e9, en collectant des informations statistiques et relatives au trafic.<\/p>\n\n\n\n<p>L\u2019utilisation de ces cookies est port\u00e9e \u00e0 la connaissance de l\u2019utilisateur par le biais d\u2019un bandeau lui demandant son consentement. Si l\u2019utilisateur y consent, ce consentement est consid\u00e9r\u00e9 comme valide pour une dur\u00e9e maximale de treize (13) mois.<\/p>\n\n\n\n<p>Si l\u2019utilisateur ne consent pas \u00e0 l\u2019utilisation des cookies, l\u2019\u00c9diteur ne pourra lui garantir une exp\u00e9rience optimale sur le Site.<\/p>\n\n\n\n<p>Les cookies suivants sont utilis\u00e9s sur le Site&nbsp;: google analytic, cookies tiers.<\/p>\n\n\n\n<p><strong>RESPECT DE LA PROPRI\u00c9T\u00c9 INTELLECTUELLE<\/strong><\/p>\n\n\n\n<p>Toutes les marques, photographies, textes, commentaires, illustrations, images anim\u00e9es ou non, s\u00e9quences vid\u00e9o, sons, ainsi que toutes les applications informatiques qui pourraient \u00eatre utilis\u00e9es pour faire fonctionner le Site, et plus g\u00e9n\u00e9ralement tous les \u00e9l\u00e9ments reproduits ou utilis\u00e9s sur le Site, sont prot\u00e9g\u00e9s par les lois en vigueur au titre de la propri\u00e9t\u00e9 intellectuelle.<\/p>\n\n\n\n<p>Ils sont la propri\u00e9t\u00e9 pleine et enti\u00e8re de l&rsquo;\u00c9diteur ou de ses partenaires, sauf mentions particuli\u00e8res. Toute reproduction, repr\u00e9sentation, utilisation ou adaptation, sous quelque forme que ce soit, de tout ou partie de ces \u00e9l\u00e9ments, y compris les applications informatiques, sans l&rsquo;accord pr\u00e9alable et \u00e9crit de l&rsquo;\u00c9diteur, sont strictement interdites. Le fait pour l&rsquo;\u00c9diteur de ne pas engager de proc\u00e9dure d\u00e8s la prise de connaissance de ces utilisations non autoris\u00e9es ne vaut pas acceptation desdites utilisations et renonciation aux poursuites.<\/p>\n\n\n\n<p>Seule l&rsquo;utilisation pour un usage priv\u00e9 dans un cercle de famille est autoris\u00e9e et toute autre utilisation est constitutive de contrefa\u00e7on et\/ou d&rsquo;atteinte aux droits voisins, sanctionn\u00e9es par Code de la propri\u00e9t\u00e9 intellectuelle.<\/p>\n\n\n\n<p>La reprise de tout ou partie de ce contenu n\u00e9cessite l&rsquo;autorisation pr\u00e9alable de l&rsquo;\u00c9diteur ou du titulaire des droits sur ce contenu.<\/p>\n\n\n\n<p><strong>LIENS HYPERTEXTES<\/strong><\/p>\n\n\n\n<p>Le Site peut contenir des liens hypertextes donnant acc\u00e8s \u00e0 d&rsquo;autres sites web \u00e9dit\u00e9s et g\u00e9r\u00e9s par des tiers et non par l&rsquo;\u00c9diteur. L&rsquo;\u00c9diteur ne pourra \u00eatre tenu responsable directement ou indirectement dans le cas o\u00f9 lesdits sites tiers ne respecteraient pas les dispositions l\u00e9gales.<\/p>\n\n\n\n<p>La cr\u00e9ation de liens hypertextes vers le Site ne peut \u00eatre faite qu&rsquo;avec l&rsquo;autorisation \u00e9crite et pr\u00e9alable de l&rsquo;\u00c9diteur.<\/p>","protected":false},"excerpt":{"rendered":"<p>Le site Corsican Dream (ci-apr\u00e8s \u00ab\u00a0le Site\u00a0\u00bb), accessible \u00e0 l\u2019adresse www.corsicandream.com est \u00e9dit\u00e9 par la soci\u00e9t\u00e9 SDC (ci-apr\u00e8s \u00ab\u00a0l&rsquo;\u00c9diteur\u00a0\u00bb), SASU au capital de 500.0 euros, dont le si\u00e8ge social est situ\u00e9 4 Route de ville, 20200 Bastia, France. Il est immatricul\u00e9 au RCS de 20200 sous le num\u00e9ro 950731265. \u00a0 L&rsquo;\u00c9diteur peut \u00eatre contact\u00e9 \u00e0<\/p>","protected":false},"author":1,"featured_media":0,"parent":0,"menu_order":0,"comment_status":"closed","ping_status":"closed","template":"","meta":{"_rtcl_gb_attr":"","footnotes":""},"class_list":["post-9415","page","type-page","status-publish","hentry"],"yoast_head":"<!-- This site is optimized with the Yoast SEO plugin v27.3 - https:\/\/yoast.com\/product\/yoast-seo-wordpress\/ -->\n<title>Mentions l\u00e9gales | CORSICAN DREAM | Annuaire de voyage en Corse<\/title>\n<meta name=\"robots\" content=\"index, follow, max-snippet:-1, max-image-preview:large, max-video-preview:-1\" \/>\n<link rel=\"canonical\" href=\"https:\/\/corsicandream.com\/en\/mentions-legales\/\" \/>\n<meta property=\"og:locale\" content=\"en_GB\" \/>\n<meta property=\"og:type\" content=\"article\" \/>\n<meta property=\"og:title\" content=\"Mentions l\u00e9gales | CORSICAN DREAM | Annuaire de voyage en Corse\" \/>\n<meta property=\"og:description\" content=\"Le site Corsican Dream (ci-apr\u00e8s \u00ab\u00a0le Site\u00a0\u00bb), accessible \u00e0 l\u2019adresse www.corsicandream.com est \u00e9dit\u00e9 par la soci\u00e9t\u00e9 SDC (ci-apr\u00e8s \u00ab\u00a0l&rsquo;\u00c9diteur\u00a0\u00bb), SASU au capital de 500.0 euros, dont le si\u00e8ge social est situ\u00e9 4 Route de ville, 20200 Bastia, France. Il est immatricul\u00e9 au RCS de 20200 sous le num\u00e9ro 950731265. \u00a0 L&rsquo;\u00c9diteur peut \u00eatre contact\u00e9 \u00e0\" \/>\n<meta property=\"og:url\" content=\"https:\/\/corsicandream.com\/en\/mentions-legales\/\" \/>\n<meta property=\"og:site_name\" content=\"CORSICAN DREAM | Annuaire de voyage en Corse\" \/>\n<meta property=\"article:publisher\" content=\"https:\/\/www.facebook.com\/corsicadream2023\" \/>\n<meta property=\"article:modified_time\" content=\"2023-05-11T10:48:25+00:00\" \/>\n<meta property=\"og:image\" content=\"https:\/\/corsicandream.com\/wp-content\/uploads\/2023\/05\/corsica-4351211_1280.jpg\" \/>\n\t<meta property=\"og:image:width\" content=\"1280\" \/>\n\t<meta property=\"og:image:height\" content=\"720\" \/>\n\t<meta property=\"og:image:type\" content=\"image\/jpeg\" \/>\n<meta name=\"twitter:card\" content=\"summary_large_image\" \/>\n<meta name=\"twitter:label1\" content=\"Estimated reading time\" \/>\n\t<meta name=\"twitter:data1\" content=\"5 minutes\" \/>\n<script type=\"application\/ld+json\" class=\"yoast-schema-graph\">{\"@context\":\"https:\\\/\\\/schema.org\",\"@graph\":[{\"@type\":\"WebPage\",\"@id\":\"https:\\\/\\\/corsicandream.com\\\/mentions-legales\\\/\",\"url\":\"https:\\\/\\\/corsicandream.com\\\/mentions-legales\\\/\",\"name\":\"Mentions l\u00e9gales | CORSICAN DREAM | Annuaire de voyage en Corse\",\"isPartOf\":{\"@id\":\"https:\\\/\\\/corsicandream.com\\\/#website\"},\"datePublished\":\"2023-05-06T06:14:11+00:00\",\"dateModified\":\"2023-05-11T10:48:25+00:00\",\"breadcrumb\":{\"@id\":\"https:\\\/\\\/corsicandream.com\\\/mentions-legales\\\/#breadcrumb\"},\"inLanguage\":\"en-GB\",\"potentialAction\":[{\"@type\":\"ReadAction\",\"target\":[\"https:\\\/\\\/corsicandream.com\\\/mentions-legales\\\/\"]}]},{\"@type\":\"BreadcrumbList\",\"@id\":\"https:\\\/\\\/corsicandream.com\\\/mentions-legales\\\/#breadcrumb\",\"itemListElement\":[{\"@type\":\"ListItem\",\"position\":1,\"name\":\"Accueil\",\"item\":\"https:\\\/\\\/corsicandream.com\\\/\"},{\"@type\":\"ListItem\",\"position\":2,\"name\":\"Mentions l\u00e9gales\"}]},{\"@type\":\"WebSite\",\"@id\":\"https:\\\/\\\/corsicandream.com\\\/#website\",\"url\":\"https:\\\/\\\/corsicandream.com\\\/\",\"name\":\"CORSICAN DREAM | Annuaire de voyage en Corse\",\"description\":\"Annuaire de voyage en Corse  H\u00c9BERGEMENTS | ACTIVIT\u00c9S | RESTAURANTS\",\"publisher\":{\"@id\":\"https:\\\/\\\/corsicandream.com\\\/#organization\"},\"potentialAction\":[{\"@type\":\"SearchAction\",\"target\":{\"@type\":\"EntryPoint\",\"urlTemplate\":\"https:\\\/\\\/corsicandream.com\\\/?s={search_term_string}\"},\"query-input\":{\"@type\":\"PropertyValueSpecification\",\"valueRequired\":true,\"valueName\":\"search_term_string\"}}],\"inLanguage\":\"en-GB\"},{\"@type\":\"Organization\",\"@id\":\"https:\\\/\\\/corsicandream.com\\\/#organization\",\"name\":\"CORSICAN DREAM\",\"url\":\"https:\\\/\\\/corsicandream.com\\\/\",\"logo\":{\"@type\":\"ImageObject\",\"inLanguage\":\"en-GB\",\"@id\":\"https:\\\/\\\/corsicandream.com\\\/#\\\/schema\\\/logo\\\/image\\\/\",\"url\":\"https:\\\/\\\/corsicandream.com\\\/wp-content\\\/uploads\\\/2023\\\/06\\\/25216448-4.png\",\"contentUrl\":\"https:\\\/\\\/corsicandream.com\\\/wp-content\\\/uploads\\\/2023\\\/06\\\/25216448-4.png\",\"width\":2000,\"height\":2000,\"caption\":\"CORSICAN DREAM\"},\"image\":{\"@id\":\"https:\\\/\\\/corsicandream.com\\\/#\\\/schema\\\/logo\\\/image\\\/\"},\"sameAs\":[\"https:\\\/\\\/www.facebook.com\\\/corsicadream2023\"]}]}<\/script>\n<!-- \/ Yoast SEO plugin. -->","yoast_head_json":{"title":"Mentions l\u00e9gales | CORSICAN DREAM | Annuaire de voyage en Corse","robots":{"index":"index","follow":"follow","max-snippet":"max-snippet:-1","max-image-preview":"max-image-preview:large","max-video-preview":"max-video-preview:-1"},"canonical":"https:\/\/corsicandream.com\/en\/mentions-legales\/","og_locale":"en_GB","og_type":"article","og_title":"Mentions l\u00e9gales | CORSICAN DREAM | Annuaire de voyage en Corse","og_description":"Le site Corsican Dream (ci-apr\u00e8s \u00ab\u00a0le Site\u00a0\u00bb), accessible \u00e0 l\u2019adresse www.corsicandream.com est \u00e9dit\u00e9 par la soci\u00e9t\u00e9 SDC (ci-apr\u00e8s \u00ab\u00a0l&rsquo;\u00c9diteur\u00a0\u00bb), SASU au capital de 500.0 euros, dont le si\u00e8ge social est situ\u00e9 4 Route de ville, 20200 Bastia, France. Il est immatricul\u00e9 au RCS de 20200 sous le num\u00e9ro 950731265. \u00a0 L&rsquo;\u00c9diteur peut \u00eatre contact\u00e9 \u00e0","og_url":"https:\/\/corsicandream.com\/en\/mentions-legales\/","og_site_name":"CORSICAN DREAM | Annuaire de voyage en Corse","article_publisher":"https:\/\/www.facebook.com\/corsicadream2023","article_modified_time":"2023-05-11T10:48:25+00:00","og_image":[{"width":1280,"height":720,"url":"https:\/\/corsicandream.com\/wp-content\/uploads\/2023\/05\/corsica-4351211_1280.jpg","type":"image\/jpeg"}],"twitter_card":"summary_large_image","twitter_misc":{"Estimated reading time":"5 minutes"},"schema":{"@context":"https:\/\/schema.org","@graph":[{"@type":"WebPage","@id":"https:\/\/corsicandream.com\/mentions-legales\/","url":"https:\/\/corsicandream.com\/mentions-legales\/","name":"Mentions l\u00e9gales | CORSICAN DREAM | Annuaire de voyage en Corse","isPartOf":{"@id":"https:\/\/corsicandream.com\/#website"},"datePublished":"2023-05-06T06:14:11+00:00","dateModified":"2023-05-11T10:48:25+00:00","breadcrumb":{"@id":"https:\/\/corsicandream.com\/mentions-legales\/#breadcrumb"},"inLanguage":"en-GB","potentialAction":[{"@type":"ReadAction","target":["https:\/\/corsicandream.com\/mentions-legales\/"]}]},{"@type":"BreadcrumbList","@id":"https:\/\/corsicandream.com\/mentions-legales\/#breadcrumb","itemListElement":[{"@type":"ListItem","position":1,"name":"Accueil","item":"https:\/\/corsicandream.com\/"},{"@type":"ListItem","position":2,"name":"Mentions l\u00e9gales"}]},{"@type":"WebSite","@id":"https:\/\/corsicandream.com\/#website","url":"https:\/\/corsicandream.com\/","name":"CORSICAN DREAM | Annuaire de voyage en Corse","description":"Annuaire de voyage en Corse  H\u00c9BERGEMENTS | ACTIVIT\u00c9S | RESTAURANTS","publisher":{"@id":"https:\/\/corsicandream.com\/#organization"},"potentialAction":[{"@type":"SearchAction","target":{"@type":"EntryPoint","urlTemplate":"https:\/\/corsicandream.com\/?s={search_term_string}"},"query-input":{"@type":"PropertyValueSpecification","valueRequired":true,"valueName":"search_term_string"}}],"inLanguage":"en-GB"},{"@type":"Organization","@id":"https:\/\/corsicandream.com\/#organization","name":"CORSICAN DREAM","url":"https:\/\/corsicandream.com\/","logo":{"@type":"ImageObject","inLanguage":"en-GB","@id":"https:\/\/corsicandream.com\/#\/schema\/logo\/image\/","url":"https:\/\/corsicandream.com\/wp-content\/uploads\/2023\/06\/25216448-4.png","contentUrl":"https:\/\/corsicandream.com\/wp-content\/uploads\/2023\/06\/25216448-4.png","width":2000,"height":2000,"caption":"CORSICAN DREAM"},"image":{"@id":"https:\/\/corsicandream.com\/#\/schema\/logo\/image\/"},"sameAs":["https:\/\/www.facebook.com\/corsicadream2023"]}]}},"_links":{"self":[{"href":"https:\/\/corsicandream.com\/en\/wp-json\/wp\/v2\/pages\/9415","targetHints":{"allow":["GET"]}}],"collection":[{"href":"https:\/\/corsicandream.com\/en\/wp-json\/wp\/v2\/pages"}],"about":[{"href":"https:\/\/corsicandream.com\/en\/wp-json\/wp\/v2\/types\/page"}],"author":[{"embeddable":true,"href":"https:\/\/corsicandream.com\/en\/wp-json\/wp\/v2\/users\/1"}],"replies":[{"embeddable":true,"href":"https:\/\/corsicandream.com\/en\/wp-json\/wp\/v2\/comments?post=9415"}],"version-history":[{"count":2,"href":"https:\/\/corsicandream.com\/en\/wp-json\/wp\/v2\/pages\/9415\/revisions"}],"predecessor-version":[{"id":9826,"href":"https:\/\/corsicandream.com\/en\/wp-json\/wp\/v2\/pages\/9415\/revisions\/9826"}],"wp:attachment":[{"href":"https:\/\/corsicandream.com\/en\/wp-json\/wp\/v2\/media?parent=9415"}],"curies":[{"name":"wp","href":"https:\/\/api.w.org\/{rel}","templated":true}]}}