{"id":2207,"date":"2022-07-04T07:23:51","date_gmt":"2022-07-04T05:23:51","guid":{"rendered":"http:\/\/corsicandream.com\/?page_id=2207"},"modified":"2023-06-02T22:17:23","modified_gmt":"2023-06-02T20:17:23","slug":"faq","status":"publish","type":"page","link":"https:\/\/corsicandream.com\/en\/faq\/","title":{"rendered":"F.A.Q"},"content":{"rendered":"<div data-elementor-type=\"wp-page\" data-elementor-id=\"2207\" class=\"elementor elementor-2207\">\n\t\t\t\t\t\t<section class=\"elementor-section elementor-top-section elementor-element elementor-element-ac2a11a elementor-section-boxed elementor-section-height-default elementor-section-height-default rt-parallax-bg-no\" data-id=\"ac2a11a\" data-element_type=\"section\" data-e-type=\"section\">\n\t\t\t\t\t\t<div class=\"elementor-container elementor-column-gap-default\">\n\t\t\t\t\t<div class=\"elementor-column elementor-col-100 elementor-top-column elementor-element elementor-element-f41088e\" data-id=\"f41088e\" data-element_type=\"column\" data-e-type=\"column\">\n\t\t\t<div class=\"elementor-widget-wrap elementor-element-populated\">\n\t\t\t\t\t\t<div class=\"elementor-element elementor-element-139698c elementor-align-center elementor-widget elementor-widget-rt-title\" data-id=\"139698c\" data-element_type=\"widget\" data-e-type=\"widget\" data-widget_type=\"rt-title.default\">\n\t\t\t\t<div class=\"elementor-widget-container\">\n\t\t\t\t\t<div class=\"section-heading\">\n\t        <div class=\"heading-subtitle\">F.A.Q<\/div>\n    <h2  class=\"heading-title\">Questions fr\u00e9quentes :<\/h2>    <\/div>\t\t\t\t<\/div>\n\t\t\t\t<\/div>\n\t\t\t\t\t<\/div>\n\t\t<\/div>\n\t\t\t\t\t<\/div>\n\t\t<\/section>\n\t\t\t\t<section class=\"elementor-section elementor-top-section elementor-element elementor-element-0e24f2b elementor-section-boxed elementor-section-height-default elementor-section-height-default rt-parallax-bg-no\" data-id=\"0e24f2b\" data-element_type=\"section\" data-e-type=\"section\">\n\t\t\t\t\t\t<div class=\"elementor-container elementor-column-gap-default\">\n\t\t\t\t\t<div class=\"elementor-column elementor-col-100 elementor-top-column elementor-element elementor-element-d6ba0fd\" data-id=\"d6ba0fd\" data-element_type=\"column\" data-e-type=\"column\">\n\t\t\t<div class=\"elementor-widget-wrap elementor-element-populated\">\n\t\t\t\t\t\t<div class=\"elementor-element elementor-element-ec8b882 elementor-widget__width-inherit elementor-invisible elementor-widget elementor-widget-rt-accordion\" data-id=\"ec8b882\" data-element_type=\"widget\" data-e-type=\"widget\" data-settings=\"{&quot;_animation&quot;:&quot;fadeInLeft&quot;}\" data-widget_type=\"rt-accordion.default\">\n\t\t\t\t<div class=\"elementor-widget-container\">\n\t\t\t\t\t<div class=\"faq-box\">\n    <div class=\"panel-group\" id=\"rtaccordion-1\">\n                <div class=\"panel panel-default\">\n            <div class=\"panel-heading\" id=\"headingquelleestlameilleurep\u00e9riodepourvisiterlacorse\">\n                <button class=\"accordion-button collapsed right\" type=\"button\" data-bs-toggle=\"collapse\"\n                    data-bs-target=\"#collapsequelleestlameilleurep\u00e9riodepourvisiterlacorse\" aria-expanded=\"true\" aria-controls=\"collapsequelleestlameilleurep\u00e9riodepourvisiterlacorse\">\n                    Quelle est la meilleure p\u00e9riode pour visiter la Corse ?                                            <span class=\"rtin-accordion-icon\">\n                            <span class=\"rtin-icon rt-icon-closed\">\n                                                                    <i aria-hidden=\"true\" class=\"flaticon-down-arrow\"><\/i>                                                            <\/span>\n                        \n                            <span class=\"rtin-icon rt-icon-opened\">\n                                                                    <i aria-hidden=\"true\" class=\"flaticon-up-arrow\"><\/i>                                                            <\/span>\n                        <\/span>\n                                    <\/button>\n            <\/div>\n            <div id=\"collapsequelleestlameilleurep\u00e9riodepourvisiterlacorse\" class=\"accordion-collapse collapse\" aria-labelledby=\"headingquelleestlameilleurep\u00e9riodepourvisiterlacorse\"\n                data-bs-parent=\"#rtaccordion-1\">\n                <div class=\"panel-body\">\n                    <p>La Corse peut \u00eatre visit\u00e9e toute l'ann\u00e9e et\u00a0 la p\u00e9riode estivale, de juin \u00e0 septembre, est particuli\u00e8rement pris\u00e9e pour profiter des plages et du soleil.<\/p><p>Si vous pr\u00e9f\u00e9rez \u00e9viter la foule touristique, le printemps et l'automne offrent des temp\u00e9ratures agr\u00e9ables pour la randonn\u00e9e et la d\u00e9couverte des villages authentiques.<\/p><p>Partir en Corse en septembre - Octobre est une p\u00e9riode magique o\u00f9 la nature se pare de couleurs chatoyantes. Loin de l'afflux touristique, l'\u00eele retrouve sa qui\u00e9tude et offre un v\u00e9ritable havre de paix. Les plages\u00a0 vous appartiennent en toute exclusivit\u00e9, vous permettant de profiter pleinement de leur beaut\u00e9 et de leur s\u00e9r\u00e9nit\u00e9. C'est le moment id\u00e9al pour se ressourcer, se connecter avec la nature et savourer la tranquillit\u00e9 enveloppante de cette saison envo\u00fbtante..<\/p><p>L'hiver est\u00a0 aussi id\u00e9al pour les amateurs de sports d'hiver avec les stations de ski des montagnes corses et d\u00e9couvrir des sp\u00e9cialit\u00e9s\u00a0 hivernales telle que la pulenta ou les lentilles au figatellu.<\/p>                <\/div>\n            <\/div>\n        <\/div>\n                <div class=\"panel panel-default\">\n            <div class=\"panel-heading\" id=\"headingquellesactivit\u00e9sdeloisirspeuvent\u00eatrepratiqu\u00e9esencorse\">\n                <button class=\"accordion-button collapsed right\" type=\"button\" data-bs-toggle=\"collapse\"\n                    data-bs-target=\"#collapsequellesactivit\u00e9sdeloisirspeuvent\u00eatrepratiqu\u00e9esencorse\" aria-expanded=\"true\" aria-controls=\"collapsequellesactivit\u00e9sdeloisirspeuvent\u00eatrepratiqu\u00e9esencorse\">\n                    Quelles activit\u00e9s de loisirs peuvent \u00eatre pratiqu\u00e9es en Corse ?                                            <span class=\"rtin-accordion-icon\">\n                            <span class=\"rtin-icon rt-icon-closed\">\n                                                                    <i aria-hidden=\"true\" class=\"flaticon-down-arrow\"><\/i>                                                            <\/span>\n                        \n                            <span class=\"rtin-icon rt-icon-opened\">\n                                                                    <i aria-hidden=\"true\" class=\"flaticon-up-arrow\"><\/i>                                                            <\/span>\n                        <\/span>\n                                    <\/button>\n            <\/div>\n            <div id=\"collapsequellesactivit\u00e9sdeloisirspeuvent\u00eatrepratiqu\u00e9esencorse\" class=\"accordion-collapse collapse\" aria-labelledby=\"headingquellesactivit\u00e9sdeloisirspeuvent\u00eatrepratiqu\u00e9esencorse\"\n                data-bs-parent=\"#rtaccordion-1\">\n                <div class=\"panel-body\">\n                    <p>En Corse, les possibilit\u00e9s d'activit\u00e9s de loisirs sont nombreuses.<\/p><p>Vous pourrez vous adonner \u00e0 la randonn\u00e9e sur les sentiers du c\u00e9l\u00e8bre GR20, explorer les fonds marins en plong\u00e9e sous-marine dans les r\u00e9serves naturelles, faire du canyoning en rivi\u00e8re ou encore profiter des sports nautiques tels que la voile, les ballades en bateaux et le jet-ski sur les belles plages de l'\u00eele.<\/p>                <\/div>\n            <\/div>\n        <\/div>\n                <div class=\"panel panel-default\">\n            <div class=\"panel-heading\" id=\"headingquelssontlessitestouristiquesincontournablesencorse\">\n                <button class=\"accordion-button collapsed right\" type=\"button\" data-bs-toggle=\"collapse\"\n                    data-bs-target=\"#collapsequelssontlessitestouristiquesincontournablesencorse\" aria-expanded=\"true\" aria-controls=\"collapsequelssontlessitestouristiquesincontournablesencorse\">\n                    Quels sont les sites touristiques incontournables en Corse ?                                            <span class=\"rtin-accordion-icon\">\n                            <span class=\"rtin-icon rt-icon-closed\">\n                                                                    <i aria-hidden=\"true\" class=\"flaticon-down-arrow\"><\/i>                                                            <\/span>\n                        \n                            <span class=\"rtin-icon rt-icon-opened\">\n                                                                    <i aria-hidden=\"true\" class=\"flaticon-up-arrow\"><\/i>                                                            <\/span>\n                        <\/span>\n                                    <\/button>\n            <\/div>\n            <div id=\"collapsequelssontlessitestouristiquesincontournablesencorse\" class=\"accordion-collapse collapse\" aria-labelledby=\"headingquelssontlessitestouristiquesincontournablesencorse\"\n                data-bs-parent=\"#rtaccordion-1\">\n                <div class=\"panel-body\">\n                    <p>La Corse regorge de sites touristiques exceptionnels.<\/p><p>Parmi eux, on retrouve les sublimes plages de sable fin de Porto-Vecchio, les \u00eeles Lavezzi et\u00a0 les impressionnantes falaises de Bonifacio, la r\u00e9serve naturelle de Scandola \u00e0 Porto, class\u00e9e au patrimoine mondial de l'UNESCO, et bien s\u00fbr les c\u00e9l\u00e8bres Calanques de Piana.<\/p>                <\/div>\n            <\/div>\n        <\/div>\n                <div class=\"panel panel-default\">\n            <div class=\"panel-heading\" id=\"heading\u00a0peut-onr\u00e9serverlesh\u00e9bergementsenlignesurlesitedecorsicandream\">\n                <button class=\"accordion-button collapsed right\" type=\"button\" data-bs-toggle=\"collapse\"\n                    data-bs-target=\"#collapse\u00a0peut-onr\u00e9serverlesh\u00e9bergementsenlignesurlesitedecorsicandream\" aria-expanded=\"true\" aria-controls=\"collapse\u00a0peut-onr\u00e9serverlesh\u00e9bergementsenlignesurlesitedecorsicandream\">\n                    \u00a0Peut-on r\u00e9server les h\u00e9bergements en ligne sur le site de Corsican Dream ?                                            <span class=\"rtin-accordion-icon\">\n                            <span class=\"rtin-icon rt-icon-closed\">\n                                                                    <i aria-hidden=\"true\" class=\"flaticon-down-arrow\"><\/i>                                                            <\/span>\n                        \n                            <span class=\"rtin-icon rt-icon-opened\">\n                                                                    <i aria-hidden=\"true\" class=\"flaticon-up-arrow\"><\/i>                                                            <\/span>\n                        <\/span>\n                                    <\/button>\n            <\/div>\n            <div id=\"collapse\u00a0peut-onr\u00e9serverlesh\u00e9bergementsenlignesurlesitedecorsicandream\" class=\"accordion-collapse collapse\" aria-labelledby=\"heading\u00a0peut-onr\u00e9serverlesh\u00e9bergementsenlignesurlesitedecorsicandream\"\n                data-bs-parent=\"#rtaccordion-1\">\n                <div class=\"panel-body\">\n                    <p>Non, les h\u00e9bergements r\u00e9pertori\u00e9s dans notre annuaire ne peuvent pas \u00eatre r\u00e9serv\u00e9s en ligne directement sur notre site. Cependant, nous fournissons tous les liens de contact n\u00e9cessaires pour que vous puissiez contacter directement les \u00e9tablissements et effectuer votre r\u00e9servation.<\/p><p>Vous trouverez les coordonn\u00e9es des h\u00f4tels, des chambres d'h\u00f4tes, des campings et des locations de vacances afin de faciliter votre d\u00e9marche et vous permettre d'organiser votre s\u00e9jour en toute simplicit\u00e9.<\/p><p>N'h\u00e9sitez pas \u00e0 prendre contact avec les propri\u00e9taires ou les gestionnaires des \u00e9tablissements pour obtenir davantage d'informations sur les disponibilit\u00e9s, les tarifs et les modalit\u00e9s de r\u00e9servation.<\/p><p>Profitez de notre annuaire pour trouver l'h\u00e9bergement disponible qui correspond le mieux \u00e0 vos besoins.<\/p>                <\/div>\n            <\/div>\n        <\/div>\n                <div class=\"panel panel-default\">\n            <div class=\"panel-heading\" id=\"headingquels\u00e9tablissementssontrencens\u00e9ssurcorsicandream\">\n                <button class=\"accordion-button collapsed right\" type=\"button\" data-bs-toggle=\"collapse\"\n                    data-bs-target=\"#collapsequels\u00e9tablissementssontrencens\u00e9ssurcorsicandream\" aria-expanded=\"true\" aria-controls=\"collapsequels\u00e9tablissementssontrencens\u00e9ssurcorsicandream\">\n                    Quels \u00e9tablissements sont rencens\u00e9s sur Corsican Dream?                                            <span class=\"rtin-accordion-icon\">\n                            <span class=\"rtin-icon rt-icon-closed\">\n                                                                    <i aria-hidden=\"true\" class=\"flaticon-down-arrow\"><\/i>                                                            <\/span>\n                        \n                            <span class=\"rtin-icon rt-icon-opened\">\n                                                                    <i aria-hidden=\"true\" class=\"flaticon-up-arrow\"><\/i>                                                            <\/span>\n                        <\/span>\n                                    <\/button>\n            <\/div>\n            <div id=\"collapsequels\u00e9tablissementssontrencens\u00e9ssurcorsicandream\" class=\"accordion-collapse collapse\" aria-labelledby=\"headingquels\u00e9tablissementssontrencens\u00e9ssurcorsicandream\"\n                data-bs-parent=\"#rtaccordion-1\">\n                <div class=\"panel-body\">\n                    <p>Notre annuaire touristique couvre diff\u00e9rentes gammes\u00a0 d'\u00e9tablissements, y compris des h\u00f4tels, des restaurants, des attractions touristiques, des locations de vacances. Nous nous effor\u00e7ons de fournir une liste compl\u00e8te et diversifi\u00e9e pour r\u00e9pondre aux besoins des voyageurs.<\/p>                <\/div>\n            <\/div>\n        <\/div>\n            <\/div>\n<\/div>\t\t\t\t<\/div>\n\t\t\t\t<\/div>\n\t\t\t\t\t<\/div>\n\t\t<\/div>\n\t\t\t\t\t<\/div>\n\t\t<\/section>\n\t\t\t\t<\/div>","protected":false},"excerpt":{"rendered":"<p>F.A.Q Questions fr\u00e9quentes : Quelle est la meilleure p\u00e9riode pour visiter la Corse ? La Corse peut \u00eatre visit\u00e9e toute l&rsquo;ann\u00e9e et&nbsp; la p\u00e9riode estivale, de juin \u00e0 septembre, est particuli\u00e8rement pris\u00e9e pour profiter des plages et du soleil. Si vous pr\u00e9f\u00e9rez \u00e9viter la foule touristique, le printemps et l&rsquo;automne offrent des temp\u00e9ratures agr\u00e9ables pour<\/p>","protected":false},"author":1,"featured_media":0,"parent":0,"menu_order":0,"comment_status":"closed","ping_status":"closed","template":"elementor_header_footer","meta":{"_rtcl_gb_attr":"","footnotes":""},"class_list":["post-2207","page","type-page","status-publish","hentry"],"yoast_head":"<!-- This site is optimized with the Yoast SEO plugin v27.3 - https:\/\/yoast.com\/product\/yoast-seo-wordpress\/ -->\n<title>F.A.Q | CORSICAN DREAM | Annuaire de voyage en Corse<\/title>\n<meta name=\"description\" content=\"Si vous souhaitez partir en Corse mais vous ne savez pas quand, consultez notre rubrique Questions \/ R\u00e9ponses .\" \/>\n<meta name=\"robots\" content=\"index, follow, max-snippet:-1, max-image-preview:large, max-video-preview:-1\" \/>\n<link rel=\"canonical\" href=\"https:\/\/corsicandream.com\/en\/faq\/\" \/>\n<meta property=\"og:locale\" content=\"en_GB\" \/>\n<meta property=\"og:type\" content=\"article\" \/>\n<meta property=\"og:title\" content=\"F.A.Q | CORSICAN DREAM | Annuaire de voyage en Corse\" \/>\n<meta property=\"og:description\" content=\"Si vous souhaitez partir en Corse mais vous ne savez pas quand, consultez notre rubrique Questions \/ R\u00e9ponses .\" \/>\n<meta property=\"og:url\" content=\"https:\/\/corsicandream.com\/en\/faq\/\" \/>\n<meta property=\"og:site_name\" content=\"CORSICAN DREAM | Annuaire de voyage en Corse\" \/>\n<meta property=\"article:publisher\" content=\"https:\/\/www.facebook.com\/corsicadream2023\" \/>\n<meta property=\"article:modified_time\" content=\"2023-06-02T20:17:23+00:00\" \/>\n<meta property=\"og:image\" content=\"https:\/\/corsicandream.com\/wp-content\/uploads\/2023\/05\/corsica-4351211_1280.jpg\" \/>\n\t<meta property=\"og:image:width\" content=\"1280\" \/>\n\t<meta property=\"og:image:height\" content=\"720\" \/>\n\t<meta property=\"og:image:type\" content=\"image\/jpeg\" \/>\n<meta name=\"twitter:card\" content=\"summary_large_image\" \/>\n<meta name=\"twitter:label1\" content=\"Estimated reading time\" \/>\n\t<meta name=\"twitter:data1\" content=\"3 minutes\" \/>\n<script type=\"application\/ld+json\" class=\"yoast-schema-graph\">{\"@context\":\"https:\\\/\\\/schema.org\",\"@graph\":[{\"@type\":\"WebPage\",\"@id\":\"https:\\\/\\\/corsicandream.com\\\/faq\\\/\",\"url\":\"https:\\\/\\\/corsicandream.com\\\/faq\\\/\",\"name\":\"F.A.Q | CORSICAN DREAM | Annuaire de voyage en Corse\",\"isPartOf\":{\"@id\":\"https:\\\/\\\/corsicandream.com\\\/#website\"},\"datePublished\":\"2022-07-04T05:23:51+00:00\",\"dateModified\":\"2023-06-02T20:17:23+00:00\",\"description\":\"Si vous souhaitez partir en Corse mais vous ne savez pas quand, consultez notre rubrique Questions \\\/ R\u00e9ponses .\",\"breadcrumb\":{\"@id\":\"https:\\\/\\\/corsicandream.com\\\/faq\\\/#breadcrumb\"},\"inLanguage\":\"en-GB\",\"potentialAction\":[{\"@type\":\"ReadAction\",\"target\":[\"https:\\\/\\\/corsicandream.com\\\/faq\\\/\"]}]},{\"@type\":\"BreadcrumbList\",\"@id\":\"https:\\\/\\\/corsicandream.com\\\/faq\\\/#breadcrumb\",\"itemListElement\":[{\"@type\":\"ListItem\",\"position\":1,\"name\":\"Accueil\",\"item\":\"https:\\\/\\\/corsicandream.com\\\/\"},{\"@type\":\"ListItem\",\"position\":2,\"name\":\"F.A.Q\"}]},{\"@type\":\"WebSite\",\"@id\":\"https:\\\/\\\/corsicandream.com\\\/#website\",\"url\":\"https:\\\/\\\/corsicandream.com\\\/\",\"name\":\"CORSICAN DREAM | Annuaire de voyage en Corse\",\"description\":\"Annuaire de voyage en Corse  H\u00c9BERGEMENTS | ACTIVIT\u00c9S | RESTAURANTS\",\"publisher\":{\"@id\":\"https:\\\/\\\/corsicandream.com\\\/#organization\"},\"potentialAction\":[{\"@type\":\"SearchAction\",\"target\":{\"@type\":\"EntryPoint\",\"urlTemplate\":\"https:\\\/\\\/corsicandream.com\\\/?s={search_term_string}\"},\"query-input\":{\"@type\":\"PropertyValueSpecification\",\"valueRequired\":true,\"valueName\":\"search_term_string\"}}],\"inLanguage\":\"en-GB\"},{\"@type\":\"Organization\",\"@id\":\"https:\\\/\\\/corsicandream.com\\\/#organization\",\"name\":\"CORSICAN DREAM\",\"url\":\"https:\\\/\\\/corsicandream.com\\\/\",\"logo\":{\"@type\":\"ImageObject\",\"inLanguage\":\"en-GB\",\"@id\":\"https:\\\/\\\/corsicandream.com\\\/#\\\/schema\\\/logo\\\/image\\\/\",\"url\":\"https:\\\/\\\/corsicandream.com\\\/wp-content\\\/uploads\\\/2023\\\/06\\\/25216448-4.png\",\"contentUrl\":\"https:\\\/\\\/corsicandream.com\\\/wp-content\\\/uploads\\\/2023\\\/06\\\/25216448-4.png\",\"width\":2000,\"height\":2000,\"caption\":\"CORSICAN DREAM\"},\"image\":{\"@id\":\"https:\\\/\\\/corsicandream.com\\\/#\\\/schema\\\/logo\\\/image\\\/\"},\"sameAs\":[\"https:\\\/\\\/www.facebook.com\\\/corsicadream2023\"]}]}<\/script>\n<!-- \/ Yoast SEO plugin. -->","yoast_head_json":{"title":"F.A.Q | CORSICAN DREAM | Annuaire de voyage en Corse","description":"Si vous souhaitez partir en Corse mais vous ne savez pas quand, consultez notre rubrique Questions \/ R\u00e9ponses .","robots":{"index":"index","follow":"follow","max-snippet":"max-snippet:-1","max-image-preview":"max-image-preview:large","max-video-preview":"max-video-preview:-1"},"canonical":"https:\/\/corsicandream.com\/en\/faq\/","og_locale":"en_GB","og_type":"article","og_title":"F.A.Q | CORSICAN DREAM | Annuaire de voyage en Corse","og_description":"Si vous souhaitez partir en Corse mais vous ne savez pas quand, consultez notre rubrique Questions \/ R\u00e9ponses .","og_url":"https:\/\/corsicandream.com\/en\/faq\/","og_site_name":"CORSICAN DREAM | Annuaire de voyage en Corse","article_publisher":"https:\/\/www.facebook.com\/corsicadream2023","article_modified_time":"2023-06-02T20:17:23+00:00","og_image":[{"width":1280,"height":720,"url":"https:\/\/corsicandream.com\/wp-content\/uploads\/2023\/05\/corsica-4351211_1280.jpg","type":"image\/jpeg"}],"twitter_card":"summary_large_image","twitter_misc":{"Estimated reading time":"3 minutes"},"schema":{"@context":"https:\/\/schema.org","@graph":[{"@type":"WebPage","@id":"https:\/\/corsicandream.com\/faq\/","url":"https:\/\/corsicandream.com\/faq\/","name":"F.A.Q | CORSICAN DREAM | Annuaire de voyage en Corse","isPartOf":{"@id":"https:\/\/corsicandream.com\/#website"},"datePublished":"2022-07-04T05:23:51+00:00","dateModified":"2023-06-02T20:17:23+00:00","description":"Si vous souhaitez partir en Corse mais vous ne savez pas quand, consultez notre rubrique Questions \/ R\u00e9ponses .","breadcrumb":{"@id":"https:\/\/corsicandream.com\/faq\/#breadcrumb"},"inLanguage":"en-GB","potentialAction":[{"@type":"ReadAction","target":["https:\/\/corsicandream.com\/faq\/"]}]},{"@type":"BreadcrumbList","@id":"https:\/\/corsicandream.com\/faq\/#breadcrumb","itemListElement":[{"@type":"ListItem","position":1,"name":"Accueil","item":"https:\/\/corsicandream.com\/"},{"@type":"ListItem","position":2,"name":"F.A.Q"}]},{"@type":"WebSite","@id":"https:\/\/corsicandream.com\/#website","url":"https:\/\/corsicandream.com\/","name":"CORSICAN DREAM | Annuaire de voyage en Corse","description":"Annuaire de voyage en Corse  H\u00c9BERGEMENTS | ACTIVIT\u00c9S | RESTAURANTS","publisher":{"@id":"https:\/\/corsicandream.com\/#organization"},"potentialAction":[{"@type":"SearchAction","target":{"@type":"EntryPoint","urlTemplate":"https:\/\/corsicandream.com\/?s={search_term_string}"},"query-input":{"@type":"PropertyValueSpecification","valueRequired":true,"valueName":"search_term_string"}}],"inLanguage":"en-GB"},{"@type":"Organization","@id":"https:\/\/corsicandream.com\/#organization","name":"CORSICAN DREAM","url":"https:\/\/corsicandream.com\/","logo":{"@type":"ImageObject","inLanguage":"en-GB","@id":"https:\/\/corsicandream.com\/#\/schema\/logo\/image\/","url":"https:\/\/corsicandream.com\/wp-content\/uploads\/2023\/06\/25216448-4.png","contentUrl":"https:\/\/corsicandream.com\/wp-content\/uploads\/2023\/06\/25216448-4.png","width":2000,"height":2000,"caption":"CORSICAN DREAM"},"image":{"@id":"https:\/\/corsicandream.com\/#\/schema\/logo\/image\/"},"sameAs":["https:\/\/www.facebook.com\/corsicadream2023"]}]}},"_links":{"self":[{"href":"https:\/\/corsicandream.com\/en\/wp-json\/wp\/v2\/pages\/2207","targetHints":{"allow":["GET"]}}],"collection":[{"href":"https:\/\/corsicandream.com\/en\/wp-json\/wp\/v2\/pages"}],"about":[{"href":"https:\/\/corsicandream.com\/en\/wp-json\/wp\/v2\/types\/page"}],"author":[{"embeddable":true,"href":"https:\/\/corsicandream.com\/en\/wp-json\/wp\/v2\/users\/1"}],"replies":[{"embeddable":true,"href":"https:\/\/corsicandream.com\/en\/wp-json\/wp\/v2\/comments?post=2207"}],"version-history":[{"count":68,"href":"https:\/\/corsicandream.com\/en\/wp-json\/wp\/v2\/pages\/2207\/revisions"}],"predecessor-version":[{"id":11830,"href":"https:\/\/corsicandream.com\/en\/wp-json\/wp\/v2\/pages\/2207\/revisions\/11830"}],"wp:attachment":[{"href":"https:\/\/corsicandream.com\/en\/wp-json\/wp\/v2\/media?parent=2207"}],"curies":[{"name":"wp","href":"https:\/\/api.w.org\/{rel}","templated":true}]}}